{"id":73,"date":"2025-11-27T16:58:43","date_gmt":"2025-11-27T21:58:43","guid":{"rendered":"https:\/\/webcybpapeles.papelesdecolombia.co\/index.php\/blog-y-noticias\/"},"modified":"2025-11-27T16:58:51","modified_gmt":"2025-11-27T21:58:51","slug":"blog-y-noticias","status":"publish","type":"page","link":"https:\/\/webcybpapeles.papelesdecolombia.co\/index.php\/blog-y-noticias\/","title":{"rendered":"Blog y Noticias"},"content":{"rendered":"\t\t<div data-elementor-type=\"wp-page\" data-elementor-id=\"73\" class=\"elementor elementor-73\" data-elementor-post-type=\"page\">\n\t\t\t\t<div class=\"elementor-element elementor-element-3d6966fd e-flex e-con-boxed e-con e-parent\" data-id=\"3d6966fd\" data-element_type=\"container\" data-settings=\"{&quot;background_background&quot;:&quot;classic&quot;}\">\n\t\t\t\t\t<div class=\"e-con-inner\">\n\t\t<div class=\"elementor-element elementor-element-7ec75573 e-con-full e-flex e-con e-child\" data-id=\"7ec75573\" data-element_type=\"container\">\n\t\t\t\t<div class=\"elementor-element elementor-element-25e40709 elementor-widget elementor-widget-heading\" data-id=\"25e40709\" data-element_type=\"widget\" data-widget_type=\"heading.default\">\n\t\t\t\t\t<h5 class=\"elementor-heading-title elementor-size-default\">Bienvenido a nuestra f\u00e1brica<\/h5>\t\t\t\t<\/div>\n\t\t\t\t<div class=\"elementor-element elementor-element-1e714870 elementor-widget elementor-widget-heading\" data-id=\"1e714870\" data-element_type=\"widget\" data-widget_type=\"heading.default\">\n\t\t\t\t\t<h2 class=\"elementor-heading-title elementor-size-default\">La excelencia en producci\u00f3n de papel<\/h2>\t\t\t\t<\/div>\n\t\t\t\t<div class=\"elementor-element elementor-element-13bfd63f elementor-widget elementor-widget-text-editor\" data-id=\"13bfd63f\" data-element_type=\"widget\" data-widget_type=\"text-editor.default\">\n\t\t\t\t\t\t\t\t\t<p>En nuestra f\u00e1brica de papel, nos dedicamos a ofrecer productos de alta calidad y soluciones innovadoras para diversas industrias. Aqu\u00ed encontrar\u00e1s informaci\u00f3n sobre nuestros procesos, productos y el compromiso con el medio ambiente y la sostenibilidad. Te invitamos a explorar nuestro cat\u00e1logo y descubrir lo que podemos brindar juntos.<\/p>\t\t\t\t\t\t\t\t<\/div>\n\t\t<div class=\"elementor-element elementor-element-503dc2de e-con-full e-flex e-con e-child\" data-id=\"503dc2de\" data-element_type=\"container\">\n\t\t\t\t<div class=\"elementor-element elementor-element-363db45d elementor-widget__width-auto elementor-align-right elementor-widget elementor-widget-button\" data-id=\"363db45d\" data-element_type=\"widget\" data-widget_type=\"button.default\">\n\t\t\t\t\t\t\t\t\t\t<a class=\"elementor-button elementor-button-link elementor-size-sm\" href=\"#\">\n\t\t\t\t\t\t<span class=\"elementor-button-content-wrapper\">\n\t\t\t\t\t\t\t\t\t<span class=\"elementor-button-text\">Descubre m\u00e1s<\/span>\n\t\t\t\t\t<\/span>\n\t\t\t\t\t<\/a>\n\t\t\t\t\t\t\t\t<\/div>\n\t\t\t\t<div class=\"elementor-element elementor-element-800eec4 elementor-widget__width-auto elementor-align-right elementor-widget elementor-widget-button\" data-id=\"800eec4\" data-element_type=\"widget\" data-widget_type=\"button.default\">\n\t\t\t\t\t\t\t\t\t\t<a class=\"elementor-button elementor-button-link elementor-size-sm\" href=\"#\">\n\t\t\t\t\t\t<span class=\"elementor-button-content-wrapper\">\n\t\t\t\t\t\t\t\t\t<span class=\"elementor-button-text\">Cont\u00e1ctanos<\/span>\n\t\t\t\t\t<\/span>\n\t\t\t\t\t<\/a>\n\t\t\t\t\t\t\t\t<\/div>\n\t\t\t\t<\/div>\n\t\t\t\t<\/div>\n\t\t\t\t\t<\/div>\n\t\t\t\t<\/div>\n\t\t<div class=\"elementor-element elementor-element-22786bc6 e-flex e-con-boxed e-con e-parent\" data-id=\"22786bc6\" data-element_type=\"container\">\n\t\t\t\t\t<div class=\"e-con-inner\">\n\t\t<div class=\"elementor-element elementor-element-17d1b925 e-con-full e-flex e-con e-child\" data-id=\"17d1b925\" data-element_type=\"container\">\n\t\t<div class=\"elementor-element elementor-element-3347a48b e-con-full e-flex e-con e-child\" data-id=\"3347a48b\" data-element_type=\"container\">\n\t\t\t\t<div class=\"elementor-element elementor-element-361174fa elementor-widget elementor-widget-heading\" data-id=\"361174fa\" data-element_type=\"widget\" data-widget_type=\"heading.default\">\n\t\t\t\t\t<h2 class=\"elementor-heading-title elementor-size-default\">\u00daltimas Publicaciones del Blog<\/h2>\t\t\t\t<\/div>\n\t\t\t\t<div class=\"elementor-element elementor-element-e58f0b3 elementor-widget elementor-widget-heading\" data-id=\"e58f0b3\" data-element_type=\"widget\" data-widget_type=\"heading.default\">\n\t\t\t\t\t<h5 class=\"elementor-heading-title elementor-size-default\">Descubre nuestras \u00faltimas reflexiones y noticias del sector.<\/h5>\t\t\t\t<\/div>\n\t\t\t\t<\/div>\n\t\t<div class=\"elementor-element elementor-element-2b65597c e-con-full e-flex e-con e-child\" data-id=\"2b65597c\" data-element_type=\"container\">\n\t\t\t\t<div class=\"elementor-element elementor-element-2b2d1495 elementor-widget__width-auto elementor-align-right elementor-widget elementor-widget-button\" data-id=\"2b2d1495\" data-element_type=\"widget\" data-widget_type=\"button.default\">\n\t\t\t\t\t\t\t\t\t\t<a class=\"elementor-button elementor-button-link elementor-size-sm\" href=\"#\">\n\t\t\t\t\t\t<span class=\"elementor-button-content-wrapper\">\n\t\t\t\t\t\t\t\t\t<span class=\"elementor-button-text\">Ver Todo<\/span>\n\t\t\t\t\t<\/span>\n\t\t\t\t\t<\/a>\n\t\t\t\t\t\t\t\t<\/div>\n\t\t\t\t<\/div>\n\t\t\t\t<\/div>\n\t\t\t\t<div class=\"elementor-element elementor-element-66cf5230 elementor-grid-2 elementor-grid-tablet-2 elementor-grid-mobile-1 elementor-posts--thumbnail-top elementor-widget elementor-widget-posts\" data-id=\"66cf5230\" data-element_type=\"widget\" data-settings=\"{&quot;classic_columns&quot;:&quot;2&quot;,&quot;classic_columns_tablet&quot;:&quot;2&quot;,&quot;classic_columns_mobile&quot;:&quot;1&quot;,&quot;classic_row_gap&quot;:{&quot;unit&quot;:&quot;px&quot;,&quot;size&quot;:35,&quot;sizes&quot;:[]},&quot;classic_row_gap_tablet&quot;:{&quot;unit&quot;:&quot;px&quot;,&quot;size&quot;:&quot;&quot;,&quot;sizes&quot;:[]},&quot;classic_row_gap_mobile&quot;:{&quot;unit&quot;:&quot;px&quot;,&quot;size&quot;:&quot;&quot;,&quot;sizes&quot;:[]}}\" data-widget_type=\"posts.classic\">\n\t\t\t\t<div class=\"elementor-widget-container\">\n\t\t\t\t\t\t\t<div class=\"elementor-posts-container elementor-posts elementor-posts--skin-classic elementor-grid\" role=\"list\">\n\t\t\t\t<article class=\"elementor-post elementor-grid-item post-202 post type-post status-publish format-standard hentry category-uncategorized\" role=\"listitem\">\n\t\t\t\t<div class=\"elementor-post__text\">\n\t\t\t\t<h3 class=\"elementor-post__title\">\n\t\t\t<a href=\"https:\/\/webcybpapeles.papelesdecolombia.co\/index.php\/2025\/12\/03\/hello-world-2-3\/\" >\n\t\t\t\tHello World 2\t\t\t<\/a>\n\t\t<\/h3>\n\t\t\t\t<div class=\"elementor-post__meta-data\">\n\t\t\t\t\t<span class=\"elementor-post-date\">\n\t\t\tDecember 3, 2025\t\t<\/span>\n\t\t\t\t<span class=\"elementor-post-avatar\">\n\t\t\tNo Comments\t\t<\/span>\n\t\t\t\t<\/div>\n\t\t\t\t<div class=\"elementor-post__excerpt\">\n\t\t\t<p>Welcome to Elementor 2<\/p>\n\t\t<\/div>\n\t\t\n\t\t<a class=\"elementor-post__read-more\" href=\"https:\/\/webcybpapeles.papelesdecolombia.co\/index.php\/2025\/12\/03\/hello-world-2-3\/\" aria-label=\"Read more about Hello World 2\" tabindex=\"-1\" >\n\t\t\tLeer M\u00e1s \u00bb\t\t<\/a>\n\n\t\t\t\t<\/div>\n\t\t\t\t<\/article>\n\t\t\t\t<article class=\"elementor-post elementor-grid-item post-201 post type-post status-publish format-standard hentry category-uncategorized\" role=\"listitem\">\n\t\t\t\t<div class=\"elementor-post__text\">\n\t\t\t\t<h3 class=\"elementor-post__title\">\n\t\t\t<a href=\"https:\/\/webcybpapeles.papelesdecolombia.co\/index.php\/2025\/12\/03\/hello-world-1-2\/\" >\n\t\t\t\tHello World 1\t\t\t<\/a>\n\t\t<\/h3>\n\t\t\t\t<div class=\"elementor-post__meta-data\">\n\t\t\t\t\t<span class=\"elementor-post-date\">\n\t\t\tDecember 3, 2025\t\t<\/span>\n\t\t\t\t<span class=\"elementor-post-avatar\">\n\t\t\tNo Comments\t\t<\/span>\n\t\t\t\t<\/div>\n\t\t\t\t<div class=\"elementor-post__excerpt\">\n\t\t\t<p>Welcome to Elementor<\/p>\n\t\t<\/div>\n\t\t\n\t\t<a class=\"elementor-post__read-more\" href=\"https:\/\/webcybpapeles.papelesdecolombia.co\/index.php\/2025\/12\/03\/hello-world-1-2\/\" aria-label=\"Read more about Hello World 1\" tabindex=\"-1\" >\n\t\t\tLeer M\u00e1s \u00bb\t\t<\/a>\n\n\t\t\t\t<\/div>\n\t\t\t\t<\/article>\n\t\t\t\t<\/div>\n\t\t\n\t\t\t\t\t\t<\/div>\n\t\t\t\t<\/div>\n\t\t\t\t\t<\/div>\n\t\t\t\t<\/div>\n\t\t<div class=\"elementor-element elementor-element-668bd5bc e-flex e-con-boxed e-con e-parent\" data-id=\"668bd5bc\" data-element_type=\"container\" data-settings=\"{&quot;background_background&quot;:&quot;classic&quot;}\">\n\t\t\t\t\t<div class=\"e-con-inner\">\n\t\t<div class=\"elementor-element elementor-element-128eae7e e-con-full e-flex e-con e-child\" data-id=\"128eae7e\" data-element_type=\"container\">\n\t\t\t\t<div class=\"elementor-element elementor-element-5e4df200 elementor-widget elementor-widget-heading\" data-id=\"5e4df200\" data-element_type=\"widget\" data-widget_type=\"heading.default\">\n\t\t\t\t\t<h2 class=\"elementor-heading-title elementor-size-default\">Art\u00edculos destacados que inspiran<\/h2>\t\t\t\t<\/div>\n\t\t\t\t<div class=\"elementor-element elementor-element-49586f83 elementor-widget elementor-widget-text-editor\" data-id=\"49586f83\" data-element_type=\"widget\" data-widget_type=\"text-editor.default\">\n\t\t\t\t\t\t\t\t\t<p><span style=\"white-space-collapse: preserve;\">Descubre nuestro art\u00edculo m\u00e1s relevante. Aqu\u00ed encontrar\u00e1s informaci\u00f3n destacada sobre nuestras innovaciones y recursos en la industria del papel, dise\u00f1ada para captar tu atenci\u00f3n y brindarte valiosos conocimientos sobre nuestros productos y servicios.<\/span><\/p>\t\t\t\t\t\t\t\t<\/div>\n\t\t\t\t<\/div>\n\t\t<div class=\"elementor-element elementor-element-78f734d e-con-full e-grid e-con e-child\" data-id=\"78f734d\" data-element_type=\"container\">\n\t\t\t\t<div class=\"elementor-element elementor-element-62987703 elementor-widget elementor-widget-image\" data-id=\"62987703\" data-element_type=\"widget\" data-widget_type=\"image.default\">\n\t\t\t\t\t\t\t\t\t\t\t\t\t\t\t<img fetchpriority=\"high\" decoding=\"async\" width=\"1920\" height=\"1080\" src=\"https:\/\/webcybpapeles.papelesdecolombia.co\/wp-content\/uploads\/2025\/11\/placeholder-demo-image-marquee-616x400-1.jpg\" class=\"attachment-full size-full wp-image-75\" alt=\"\" srcset=\"https:\/\/webcybpapeles.papelesdecolombia.co\/wp-content\/uploads\/2025\/11\/placeholder-demo-image-marquee-616x400-1.jpg 1920w, https:\/\/webcybpapeles.papelesdecolombia.co\/wp-content\/uploads\/2025\/11\/placeholder-demo-image-marquee-616x400-1-300x169.jpg 300w, https:\/\/webcybpapeles.papelesdecolombia.co\/wp-content\/uploads\/2025\/11\/placeholder-demo-image-marquee-616x400-1-1024x576.jpg 1024w, https:\/\/webcybpapeles.papelesdecolombia.co\/wp-content\/uploads\/2025\/11\/placeholder-demo-image-marquee-616x400-1-768x432.jpg 768w, https:\/\/webcybpapeles.papelesdecolombia.co\/wp-content\/uploads\/2025\/11\/placeholder-demo-image-marquee-616x400-1-1536x864.jpg 1536w\" sizes=\"(max-width: 1920px) 100vw, 1920px\" \/>\t\t\t\t\t\t\t\t\t\t\t\t\t\t\t<\/div>\n\t\t\t\t<div class=\"elementor-element elementor-element-49d3e940 elementor-widget elementor-widget-image\" data-id=\"49d3e940\" data-element_type=\"widget\" data-widget_type=\"image.default\">\n\t\t\t\t\t\t\t\t\t\t\t\t\t\t\t<img fetchpriority=\"high\" decoding=\"async\" width=\"1920\" height=\"1080\" src=\"https:\/\/webcybpapeles.papelesdecolombia.co\/wp-content\/uploads\/2025\/11\/placeholder-demo-image-marquee-616x400-1.jpg\" class=\"attachment-full size-full wp-image-75\" alt=\"\" srcset=\"https:\/\/webcybpapeles.papelesdecolombia.co\/wp-content\/uploads\/2025\/11\/placeholder-demo-image-marquee-616x400-1.jpg 1920w, https:\/\/webcybpapeles.papelesdecolombia.co\/wp-content\/uploads\/2025\/11\/placeholder-demo-image-marquee-616x400-1-300x169.jpg 300w, https:\/\/webcybpapeles.papelesdecolombia.co\/wp-content\/uploads\/2025\/11\/placeholder-demo-image-marquee-616x400-1-1024x576.jpg 1024w, https:\/\/webcybpapeles.papelesdecolombia.co\/wp-content\/uploads\/2025\/11\/placeholder-demo-image-marquee-616x400-1-768x432.jpg 768w, https:\/\/webcybpapeles.papelesdecolombia.co\/wp-content\/uploads\/2025\/11\/placeholder-demo-image-marquee-616x400-1-1536x864.jpg 1536w\" sizes=\"(max-width: 1920px) 100vw, 1920px\" \/>\t\t\t\t\t\t\t\t\t\t\t\t\t\t\t<\/div>\n\t\t\t\t<div class=\"elementor-element elementor-element-5d6a90ae elementor-widget elementor-widget-image\" data-id=\"5d6a90ae\" data-element_type=\"widget\" data-widget_type=\"image.default\">\n\t\t\t\t\t\t\t\t\t\t\t\t\t\t\t<img fetchpriority=\"high\" decoding=\"async\" width=\"1920\" height=\"1080\" src=\"https:\/\/webcybpapeles.papelesdecolombia.co\/wp-content\/uploads\/2025\/11\/placeholder-demo-image-marquee-616x400-1.jpg\" class=\"attachment-full size-full wp-image-75\" alt=\"\" srcset=\"https:\/\/webcybpapeles.papelesdecolombia.co\/wp-content\/uploads\/2025\/11\/placeholder-demo-image-marquee-616x400-1.jpg 1920w, https:\/\/webcybpapeles.papelesdecolombia.co\/wp-content\/uploads\/2025\/11\/placeholder-demo-image-marquee-616x400-1-300x169.jpg 300w, https:\/\/webcybpapeles.papelesdecolombia.co\/wp-content\/uploads\/2025\/11\/placeholder-demo-image-marquee-616x400-1-1024x576.jpg 1024w, https:\/\/webcybpapeles.papelesdecolombia.co\/wp-content\/uploads\/2025\/11\/placeholder-demo-image-marquee-616x400-1-768x432.jpg 768w, https:\/\/webcybpapeles.papelesdecolombia.co\/wp-content\/uploads\/2025\/11\/placeholder-demo-image-marquee-616x400-1-1536x864.jpg 1536w\" sizes=\"(max-width: 1920px) 100vw, 1920px\" \/>\t\t\t\t\t\t\t\t\t\t\t\t\t\t\t<\/div>\n\t\t\t\t<div class=\"elementor-element elementor-element-70beb7d2 elementor-widget elementor-widget-image\" data-id=\"70beb7d2\" data-element_type=\"widget\" data-widget_type=\"image.default\">\n\t\t\t\t\t\t\t\t\t\t\t\t\t\t\t<img fetchpriority=\"high\" decoding=\"async\" width=\"1920\" height=\"1080\" src=\"https:\/\/webcybpapeles.papelesdecolombia.co\/wp-content\/uploads\/2025\/11\/placeholder-demo-image-marquee-616x400-1.jpg\" class=\"attachment-full size-full wp-image-75\" alt=\"\" srcset=\"https:\/\/webcybpapeles.papelesdecolombia.co\/wp-content\/uploads\/2025\/11\/placeholder-demo-image-marquee-616x400-1.jpg 1920w, https:\/\/webcybpapeles.papelesdecolombia.co\/wp-content\/uploads\/2025\/11\/placeholder-demo-image-marquee-616x400-1-300x169.jpg 300w, https:\/\/webcybpapeles.papelesdecolombia.co\/wp-content\/uploads\/2025\/11\/placeholder-demo-image-marquee-616x400-1-1024x576.jpg 1024w, https:\/\/webcybpapeles.papelesdecolombia.co\/wp-content\/uploads\/2025\/11\/placeholder-demo-image-marquee-616x400-1-768x432.jpg 768w, https:\/\/webcybpapeles.papelesdecolombia.co\/wp-content\/uploads\/2025\/11\/placeholder-demo-image-marquee-616x400-1-1536x864.jpg 1536w\" sizes=\"(max-width: 1920px) 100vw, 1920px\" \/>\t\t\t\t\t\t\t\t\t\t\t\t\t\t\t<\/div>\n\t\t\t\t<\/div>\n\t\t\t\t\t<\/div>\n\t\t\t\t<\/div>\n\t\t<div class=\"elementor-element elementor-element-6ddd25df e-flex e-con-boxed e-con e-parent\" data-id=\"6ddd25df\" data-element_type=\"container\" data-settings=\"{&quot;background_background&quot;:&quot;classic&quot;}\">\n\t\t\t\t\t<div class=\"e-con-inner\">\n\t\t<div class=\"elementor-element elementor-element-18709a1e e-flex e-con-boxed e-con e-child\" data-id=\"18709a1e\" data-element_type=\"container\" data-settings=\"{&quot;background_background&quot;:&quot;classic&quot;}\">\n\t\t\t\t\t<div class=\"e-con-inner\">\n\t\t<div class=\"elementor-element elementor-element-24fb7c5 e-con-full e-flex e-con e-child\" data-id=\"24fb7c5\" data-element_type=\"container\">\n\t\t\t\t<div class=\"elementor-element elementor-element-18c69a43 elementor-widget elementor-widget-heading\" data-id=\"18c69a43\" data-element_type=\"widget\" data-widget_type=\"heading.default\">\n\t\t\t\t\t<h2 class=\"elementor-heading-title elementor-size-default\">\u00danete a nuestra comunidad hoy mismo<\/h2>\t\t\t\t<\/div>\n\t\t\t\t<div class=\"elementor-element elementor-element-531c771f elementor-widget elementor-widget-text-editor\" data-id=\"531c771f\" data-element_type=\"widget\" data-widget_type=\"text-editor.default\">\n\t\t\t\t\t\t\t\t\t<p>Suscr\u00edbete y mantente al tanto de nuestras \u00faltimas novedades en productos y servicios. Recibe informaci\u00f3n exclusiva y novedades directamente en tu correo.<\/p>\t\t\t\t\t\t\t\t<\/div>\n\t\t\t\t<div class=\"elementor-element elementor-element-3db08ba2 elementor-mobile-button-align-stretch elementor-button-align-stretch elementor-widget elementor-widget-form\" data-id=\"3db08ba2\" data-element_type=\"widget\" data-settings=\"{&quot;button_width&quot;:&quot;25&quot;,&quot;step_next_label&quot;:&quot;Siguiente&quot;,&quot;step_previous_label&quot;:&quot;Anterior&quot;,&quot;button_width_tablet&quot;:&quot;40&quot;,&quot;button_width_mobile&quot;:&quot;100&quot;,&quot;step_type&quot;:&quot;number_text&quot;,&quot;step_icon_shape&quot;:&quot;circle&quot;}\" data-widget_type=\"form.default\">\n\t\t\t\t\t\t\t<form class=\"elementor-form\" method=\"post\" name=\"Suscripci\u00f3n\" aria-label=\"Suscripci\u00f3n\">\n\t\t\t<input type=\"hidden\" name=\"post_id\" value=\"73\"\/>\n\t\t\t<input type=\"hidden\" name=\"form_id\" value=\"3db08ba2\"\/>\n\t\t\t<input type=\"hidden\" name=\"referer_title\" value=\"Blog y Noticias\" \/>\n\n\t\t\t\t\t\t\t<input type=\"hidden\" name=\"queried_id\" value=\"73\"\/>\n\t\t\t\n\t\t\t<div class=\"elementor-form-fields-wrapper elementor-labels-above\">\n\t\t\t\t\t\t\t\t<div class=\"elementor-field-type-correo elementor-field-group elementor-column elementor-field-group-nombre elementor-col-75 elementor-md-60\">\n\t\t\t\t\t\t\t\t\t<\/div>\n\t\t\t\t\t\t\t\t<div class=\"elementor-field-group elementor-column elementor-field-type-submit elementor-col-25 e-form__buttons elementor-md-40 elementor-sm-100\">\n\t\t\t\t\t<button class=\"elementor-button elementor-size-sm\" type=\"submit\">\n\t\t\t\t\t\t<span class=\"elementor-button-content-wrapper\">\n\t\t\t\t\t\t\t\t\t\t\t\t\t\t\t\t\t\t\t\t\t\t<span class=\"elementor-button-text\">Suscribirse<\/span>\n\t\t\t\t\t\t\t\t\t\t\t\t\t<\/span>\n\t\t\t\t\t<\/button>\n\t\t\t\t<\/div>\n\t\t\t<\/div>\n\t\t<\/form>\n\t\t\t\t\t\t<\/div>\n\t\t\t\t<div class=\"elementor-element elementor-element-672a67c2 elementor-widget elementor-widget-text-editor\" data-id=\"672a67c2\" data-element_type=\"widget\" data-widget_type=\"text-editor.default\">\n\t\t\t\t\t\t\t\t\t<p>Al suscribirte, aceptas nuestros T\u00e9rminos y Condiciones.<\/p>\t\t\t\t\t\t\t\t<\/div>\n\t\t\t\t<\/div>\n\t\t\t\t\t<\/div>\n\t\t\t\t<\/div>\n\t\t\t\t\t<\/div>\n\t\t\t\t<\/div>\n\t\t<div class=\"elementor-element elementor-element-32194435 e-flex e-con-boxed e-con e-parent\" data-id=\"32194435\" data-element_type=\"container\">\n\t\t\t\t\t<div class=\"e-con-inner\">\n\t\t\t\t<div class=\"elementor-element elementor-element-495e1200 elementor-widget elementor-widget-heading\" data-id=\"495e1200\" data-element_type=\"widget\" data-widget_type=\"heading.default\">\n\t\t\t\t\t<h2 class=\"elementor-heading-title elementor-size-default\">Testimonios de Clientes<\/h2>\t\t\t\t<\/div>\n\t\t<div class=\"elementor-element elementor-element-e10a577 e-flex e-con-boxed e-con e-child\" data-id=\"e10a577\" data-element_type=\"container\">\n\t\t\t\t\t<div class=\"e-con-inner\">\n\t\t\t\t<div class=\"elementor-element elementor-element-5b1831c5 elementor-widget-tablet__width-initial elementor-widget-mobile__width-inherit elementor-widget elementor-widget-testimonial\" data-id=\"5b1831c5\" data-element_type=\"widget\" data-widget_type=\"testimonial.default\">\n\t\t\t\t\t\t\t<div class=\"elementor-testimonial-wrapper\">\n\t\t\t\t\t\t\t<div class=\"elementor-testimonial-content\">\u201cDesde que comenc\u00e9 a utilizar sus productos, he notado una gran mejora en la calidad de nuestra producci\u00f3n. Sin duda, una empresa que entiende las necesidades del mercado.\u201d<\/div>\n\t\t\t\n\t\t\t\t\t\t<div class=\"elementor-testimonial-meta elementor-has-image elementor-testimonial-image-position-aside\">\n\t\t\t\t<div class=\"elementor-testimonial-meta-inner\">\n\t\t\t\t\t\t\t\t\t\t\t<div class=\"elementor-testimonial-image\">\n\t\t\t\t\t\t\t<img decoding=\"async\" width=\"300\" height=\"300\" src=\"https:\/\/webcybpapeles.papelesdecolombia.co\/wp-content\/uploads\/2025\/11\/wireframe-img-1-e1708013680578-1-300x300.png\" class=\"attachment-medium size-medium wp-image-54\" alt=\"\" srcset=\"https:\/\/webcybpapeles.papelesdecolombia.co\/wp-content\/uploads\/2025\/11\/wireframe-img-1-e1708013680578-1-300x300.png 300w, https:\/\/webcybpapeles.papelesdecolombia.co\/wp-content\/uploads\/2025\/11\/wireframe-img-1-e1708013680578-1-1024x1024.png 1024w, https:\/\/webcybpapeles.papelesdecolombia.co\/wp-content\/uploads\/2025\/11\/wireframe-img-1-e1708013680578-1-150x150.png 150w, https:\/\/webcybpapeles.papelesdecolombia.co\/wp-content\/uploads\/2025\/11\/wireframe-img-1-e1708013680578-1-768x767.png 768w, https:\/\/webcybpapeles.papelesdecolombia.co\/wp-content\/uploads\/2025\/11\/wireframe-img-1-e1708013680578-1.png 1081w\" sizes=\"(max-width: 300px) 100vw, 300px\" \/>\t\t\t\t\t\t<\/div>\n\t\t\t\t\t\n\t\t\t\t\t\t\t\t\t\t<div class=\"elementor-testimonial-details\">\n\t\t\t\t\t\t\t\t\t\t\t\t\t\t<div class=\"elementor-testimonial-name\">Juan P\u00e9rez<\/div>\n\t\t\t\t\t\t\t\t\t\t\t\t\t\t\t\t\t\t\t<\/div>\n\t\t\t\t\t\t\t\t\t<\/div>\n\t\t\t<\/div>\n\t\t\t\t\t<\/div>\n\t\t\t\t\t\t<\/div>\n\t\t\t\t<div class=\"elementor-element elementor-element-180eddc3 elementor-widget-tablet__width-initial elementor-widget-mobile__width-inherit elementor-widget elementor-widget-testimonial\" data-id=\"180eddc3\" data-element_type=\"widget\" data-widget_type=\"testimonial.default\">\n\t\t\t\t\t\t\t<div class=\"elementor-testimonial-wrapper\">\n\t\t\t\t\t\t\t<div class=\"elementor-testimonial-content\">\u201cLa atenci\u00f3n al cliente es excepcional. Siempre est\u00e1n dispuestos a ayudar y resolver cualquier inquietud. Recomendados al 100%.\u201d<\/div>\n\t\t\t\n\t\t\t\t\t\t<div class=\"elementor-testimonial-meta elementor-has-image elementor-testimonial-image-position-aside\">\n\t\t\t\t<div class=\"elementor-testimonial-meta-inner\">\n\t\t\t\t\t\t\t\t\t\t\t<div class=\"elementor-testimonial-image\">\n\t\t\t\t\t\t\t<img decoding=\"async\" width=\"300\" height=\"300\" src=\"https:\/\/webcybpapeles.papelesdecolombia.co\/wp-content\/uploads\/2025\/11\/wireframe-img-1-e1708013680578-1-300x300.png\" class=\"attachment-medium size-medium wp-image-54\" alt=\"\" srcset=\"https:\/\/webcybpapeles.papelesdecolombia.co\/wp-content\/uploads\/2025\/11\/wireframe-img-1-e1708013680578-1-300x300.png 300w, https:\/\/webcybpapeles.papelesdecolombia.co\/wp-content\/uploads\/2025\/11\/wireframe-img-1-e1708013680578-1-1024x1024.png 1024w, https:\/\/webcybpapeles.papelesdecolombia.co\/wp-content\/uploads\/2025\/11\/wireframe-img-1-e1708013680578-1-150x150.png 150w, https:\/\/webcybpapeles.papelesdecolombia.co\/wp-content\/uploads\/2025\/11\/wireframe-img-1-e1708013680578-1-768x767.png 768w, https:\/\/webcybpapeles.papelesdecolombia.co\/wp-content\/uploads\/2025\/11\/wireframe-img-1-e1708013680578-1.png 1081w\" sizes=\"(max-width: 300px) 100vw, 300px\" \/>\t\t\t\t\t\t<\/div>\n\t\t\t\t\t\n\t\t\t\t\t\t\t\t\t\t<div class=\"elementor-testimonial-details\">\n\t\t\t\t\t\t\t\t\t\t\t\t\t\t<div class=\"elementor-testimonial-name\">Mar\u00eda G\u00f3mez<\/div>\n\t\t\t\t\t\t\t\t\t\t\t\t\t\t\t\t\t\t\t<\/div>\n\t\t\t\t\t\t\t\t\t<\/div>\n\t\t\t<\/div>\n\t\t\t\t\t<\/div>\n\t\t\t\t\t\t<\/div>\n\t\t\t\t\t<\/div>\n\t\t\t\t<\/div>\n\t\t\t\t\t<\/div>\n\t\t\t\t<\/div>\n\t\t\t\t<\/div>\n\t\t","protected":false},"excerpt":{"rendered":"<p>Bienvenido a nuestra f\u00e1brica La excelencia en producci\u00f3n de papel En nuestra f\u00e1brica de papel, nos dedicamos a ofrecer productos de alta calidad y soluciones innovadoras para diversas industrias. Aqu\u00ed encontrar\u00e1s informaci\u00f3n sobre nuestros procesos, productos y el compromiso con el medio ambiente y la sostenibilidad. Te invitamos a explorar nuestro cat\u00e1logo y descubrir lo [&hellip;]<\/p>\n","protected":false},"author":1,"featured_media":0,"parent":0,"menu_order":0,"comment_status":"closed","ping_status":"closed","template":"","meta":{"footnotes":""},"class_list":["post-73","page","type-page","status-publish","hentry"],"_links":{"self":[{"href":"https:\/\/webcybpapeles.papelesdecolombia.co\/index.php\/wp-json\/wp\/v2\/pages\/73","targetHints":{"allow":["GET"]}}],"collection":[{"href":"https:\/\/webcybpapeles.papelesdecolombia.co\/index.php\/wp-json\/wp\/v2\/pages"}],"about":[{"href":"https:\/\/webcybpapeles.papelesdecolombia.co\/index.php\/wp-json\/wp\/v2\/types\/page"}],"author":[{"embeddable":true,"href":"https:\/\/webcybpapeles.papelesdecolombia.co\/index.php\/wp-json\/wp\/v2\/users\/1"}],"replies":[{"embeddable":true,"href":"https:\/\/webcybpapeles.papelesdecolombia.co\/index.php\/wp-json\/wp\/v2\/comments?post=73"}],"version-history":[{"count":4,"href":"https:\/\/webcybpapeles.papelesdecolombia.co\/index.php\/wp-json\/wp\/v2\/pages\/73\/revisions"}],"predecessor-version":[{"id":124,"href":"https:\/\/webcybpapeles.papelesdecolombia.co\/index.php\/wp-json\/wp\/v2\/pages\/73\/revisions\/124"}],"wp:attachment":[{"href":"https:\/\/webcybpapeles.papelesdecolombia.co\/index.php\/wp-json\/wp\/v2\/media?parent=73"}],"curies":[{"name":"wp","href":"https:\/\/api.w.org\/{rel}","templated":true}]}}