{"id":86,"date":"2025-11-27T16:58:46","date_gmt":"2025-11-27T21:58:46","guid":{"rendered":"https:\/\/webcybpapeles.papelesdecolombia.co\/index.php\/promociones\/"},"modified":"2025-11-27T16:58:51","modified_gmt":"2025-11-27T21:58:51","slug":"promociones","status":"publish","type":"page","link":"https:\/\/webcybpapeles.papelesdecolombia.co\/index.php\/promociones\/","title":{"rendered":"Promociones"},"content":{"rendered":"\t\t<div data-elementor-type=\"wp-page\" data-elementor-id=\"86\" class=\"elementor elementor-86\" data-elementor-post-type=\"page\">\n\t\t\t\t<div class=\"elementor-element elementor-element-2926387e e-flex e-con-boxed e-con e-parent\" data-id=\"2926387e\" data-element_type=\"container\" data-settings=\"{&quot;background_background&quot;:&quot;classic&quot;}\">\n\t\t\t\t\t<div class=\"e-con-inner\">\n\t\t<div class=\"elementor-element elementor-element-43cd9c5e e-con-full e-flex e-con e-child\" data-id=\"43cd9c5e\" data-element_type=\"container\">\n\t\t\t\t<div class=\"elementor-element elementor-element-122af89 elementor-headline--style-deslizar elementor-widget elementor-widget-animated-headline\" data-id=\"122af89\" data-element_type=\"widget\" data-settings=\"{&quot;headline_style&quot;:&quot;deslizar&quot;,&quot;loop&quot;:&quot;yes&quot;}\" data-widget_type=\"animated-headline.default\">\n\t\t\t\t\t\t\t<h1 class=\"elementor-headline\">\n\t\t\t\t\t<span class=\"elementor-headline-plain-text elementor-headline-text-wrapper\">Encabezado principal con<\/span>\n\t\t\t\t<span class=\"elementor-headline-dynamic-wrapper elementor-headline-text-wrapper\">\n\t\t\t\t<\/span>\n\t\t\t\t\t<span class=\"elementor-headline-plain-text elementor-headline-text-wrapper\">informaci\u00f3n<\/span>\n\t\t\t\t\t<\/h1>\n\t\t\t\t\t\t<\/div>\n\t\t\t\t<div class=\"elementor-element elementor-element-365706b elementor-widget elementor-widget-text-editor\" data-id=\"365706b\" data-element_type=\"widget\" data-widget_type=\"text-editor.default\">\n\t\t\t\t\t\t\t\t\t<p><span style=\"font-weight: 400;\">Informamos sobre nuestras \u00faltimas ofertas destacadas. Descubre c\u00f3mo nuestros productos pueden beneficiar tu negocio y aprovecha descuentos especiales.<\/span><\/p>\t\t\t\t\t\t\t\t<\/div>\n\t\t\t\t<div class=\"elementor-element elementor-element-6fbae293 elementor-mobile-button-align-stretch elementor-button-align-stretch elementor-widget elementor-widget-form\" data-id=\"6fbae293\" data-element_type=\"widget\" data-settings=\"{&quot;button_width&quot;:&quot;30&quot;,&quot;step_next_label&quot;:&quot;Siguiente&quot;,&quot;step_previous_label&quot;:&quot;Anterior&quot;,&quot;button_width_tablet&quot;:&quot;40&quot;,&quot;button_width_mobile&quot;:&quot;100&quot;,&quot;step_type&quot;:&quot;number_text&quot;,&quot;step_icon_shape&quot;:&quot;circle&quot;}\" data-widget_type=\"form.default\">\n\t\t\t\t\t\t\t<form class=\"elementor-form\" method=\"post\" name=\"Formulario de Contacto\" aria-label=\"Formulario de Contacto\">\n\t\t\t<input type=\"hidden\" name=\"post_id\" value=\"86\"\/>\n\t\t\t<input type=\"hidden\" name=\"form_id\" value=\"6fbae293\"\/>\n\t\t\t<input type=\"hidden\" name=\"referer_title\" value=\"Promociones\" \/>\n\n\t\t\t\t\t\t\t<input type=\"hidden\" name=\"queried_id\" value=\"86\"\/>\n\t\t\t\n\t\t\t<div class=\"elementor-form-fields-wrapper elementor-labels-above\">\n\t\t\t\t\t\t\t\t<div class=\"elementor-field-type-correo electr\u00f3nico elementor-field-group elementor-column elementor-field-group-nombre elementor-col-70 elementor-md-60\">\n\t\t\t\t\t\t\t\t\t<\/div>\n\t\t\t\t\t\t\t\t<div class=\"elementor-field-group elementor-column elementor-field-type-submit elementor-col-30 e-form__buttons elementor-md-40 elementor-sm-100\">\n\t\t\t\t\t<button class=\"elementor-button elementor-size-sm\" type=\"submit\">\n\t\t\t\t\t\t<span class=\"elementor-button-content-wrapper\">\n\t\t\t\t\t\t\t\t\t\t\t\t\t\t\t\t\t\t\t\t\t\t<span class=\"elementor-button-text\">Suscribirse<\/span>\n\t\t\t\t\t\t\t\t\t\t\t\t\t<\/span>\n\t\t\t\t\t<\/button>\n\t\t\t\t<\/div>\n\t\t\t<\/div>\n\t\t<\/form>\n\t\t\t\t\t\t<\/div>\n\t\t\t\t<div class=\"elementor-element elementor-element-8912bd0 elementor-widget elementor-widget-text-editor\" data-id=\"8912bd0\" data-element_type=\"widget\" data-widget_type=\"text-editor.default\">\n\t\t\t\t\t\t\t\t\t<p>Al hacer clic en Suscribirse, confirmas que aceptas nuestros T\u00e9rminos y Condiciones.<\/p>\t\t\t\t\t\t\t\t<\/div>\n\t\t\t\t<\/div>\n\t\t\t\t\t<\/div>\n\t\t\t\t<\/div>\n\t\t<div class=\"elementor-element elementor-element-2f9b0e02 e-flex e-con-boxed e-con e-parent\" data-id=\"2f9b0e02\" data-element_type=\"container\" data-settings=\"{&quot;background_background&quot;:&quot;classic&quot;}\">\n\t\t\t\t\t<div class=\"e-con-inner\">\n\t\t<div class=\"elementor-element elementor-element-55266b21 e-con-full e-flex e-con e-child\" data-id=\"55266b21\" data-element_type=\"container\">\n\t\t\t\t<div class=\"elementor-element elementor-element-f099572 elementor-widget elementor-widget-heading\" data-id=\"f099572\" data-element_type=\"widget\" data-widget_type=\"heading.default\">\n\t\t\t\t\t<h2 class=\"elementor-heading-title elementor-size-default\">Ofertas especiales del mes<\/h2>\t\t\t\t<\/div>\n\t\t\t\t<div class=\"elementor-element elementor-element-40ea3e32 elementor-widget elementor-widget-text-editor\" data-id=\"40ea3e32\" data-element_type=\"widget\" data-widget_type=\"text-editor.default\">\n\t\t\t\t\t\t\t\t\t<p>Descubre nuestras promociones actuales y aprovecha descuentos exclusivos. Desde productos de oficina hasta soluciones sostenibles, tenemos opciones que se adaptan a tus necesidades. No te pierdas de las mejores ofertas en nuestra categor\u00eda.<\/p>\t\t\t\t\t\t\t\t<\/div>\n\t\t<div class=\"elementor-element elementor-element-58242d20 e-flex e-con-boxed e-con e-child\" data-id=\"58242d20\" data-element_type=\"container\">\n\t\t\t\t\t<div class=\"e-con-inner\">\n\t\t\t\t<div class=\"elementor-element elementor-element-5bb1babb elementor-widget__width-auto elementor-widget elementor-widget-button\" data-id=\"5bb1babb\" data-element_type=\"widget\" data-widget_type=\"button.default\">\n\t\t\t\t\t\t\t\t\t\t<a class=\"elementor-button elementor-button-link elementor-size-sm\" href=\"#\">\n\t\t\t\t\t\t<span class=\"elementor-button-content-wrapper\">\n\t\t\t\t\t\t\t\t\t<span class=\"elementor-button-text\">Ver m\u00e1s<\/span>\n\t\t\t\t\t<\/span>\n\t\t\t\t\t<\/a>\n\t\t\t\t\t\t\t\t<\/div>\n\t\t\t\t\t<\/div>\n\t\t\t\t<\/div>\n\t\t\t\t<\/div>\n\t\t<div class=\"elementor-element elementor-element-337b0aad e-con-full e-flex e-con e-child\" data-id=\"337b0aad\" data-element_type=\"container\">\n\t\t\t\t<div class=\"elementor-element elementor-element-76d255a4 elementor-widget elementor-widget-image\" data-id=\"76d255a4\" data-element_type=\"widget\" data-widget_type=\"image.default\">\n\t\t\t\t\t\t\t\t\t\t\t\t\t\t\t<img fetchpriority=\"high\" decoding=\"async\" width=\"1920\" height=\"1080\" src=\"https:\/\/webcybpapeles.papelesdecolombia.co\/wp-content\/uploads\/2025\/11\/placeholder-demo-image-marquee-616x400-1-1.jpg\" class=\"attachment-full size-full wp-image-88\" alt=\"\" srcset=\"https:\/\/webcybpapeles.papelesdecolombia.co\/wp-content\/uploads\/2025\/11\/placeholder-demo-image-marquee-616x400-1-1.jpg 1920w, https:\/\/webcybpapeles.papelesdecolombia.co\/wp-content\/uploads\/2025\/11\/placeholder-demo-image-marquee-616x400-1-1-300x169.jpg 300w, https:\/\/webcybpapeles.papelesdecolombia.co\/wp-content\/uploads\/2025\/11\/placeholder-demo-image-marquee-616x400-1-1-1024x576.jpg 1024w, https:\/\/webcybpapeles.papelesdecolombia.co\/wp-content\/uploads\/2025\/11\/placeholder-demo-image-marquee-616x400-1-1-768x432.jpg 768w, https:\/\/webcybpapeles.papelesdecolombia.co\/wp-content\/uploads\/2025\/11\/placeholder-demo-image-marquee-616x400-1-1-1536x864.jpg 1536w\" sizes=\"(max-width: 1920px) 100vw, 1920px\" \/>\t\t\t\t\t\t\t\t\t\t\t\t\t\t\t<\/div>\n\t\t\t\t<\/div>\n\t\t\t\t\t<\/div>\n\t\t\t\t<\/div>\n\t\t<div class=\"elementor-element elementor-element-48c7b510 e-flex e-con-boxed e-con e-parent\" data-id=\"48c7b510\" data-element_type=\"container\">\n\t\t\t\t\t<div class=\"e-con-inner\">\n\t\t<div class=\"elementor-element elementor-element-18bed609 e-flex e-con-boxed e-con e-child\" data-id=\"18bed609\" data-element_type=\"container\">\n\t\t\t\t\t<div class=\"e-con-inner\">\n\t\t\t\t<div class=\"elementor-element elementor-element-5c370e63 elementor-widget elementor-widget-heading\" data-id=\"5c370e63\" data-element_type=\"widget\" data-widget_type=\"heading.default\">\n\t\t\t\t\t<h5 class=\"elementor-heading-title elementor-size-default\">Calidad y Sustentabilidad<\/h5>\t\t\t\t<\/div>\n\t\t\t\t<div class=\"elementor-element elementor-element-989d5f2 elementor-widget elementor-widget-heading\" data-id=\"989d5f2\" data-element_type=\"widget\" data-widget_type=\"heading.default\">\n\t\t\t\t\t<h2 class=\"elementor-heading-title elementor-size-default\">Aprovecha nuestras promociones exclusivas y obt\u00e9n m\u00e1s valor<\/h2>\t\t\t\t<\/div>\n\t\t\t\t<div class=\"elementor-element elementor-element-1a0155fe elementor-widget elementor-widget-text-editor\" data-id=\"1a0155fe\" data-element_type=\"widget\" data-widget_type=\"text-editor.default\">\n\t\t\t\t\t\t\t\t\tNuestras promociones est\u00e1n dise\u00f1adas para brindarte las mejores oportunidades. Descubre c\u00f3mo puedes beneficiarte al elegir nuestros productos y servicios, asegurando calidad y rendimiento.\t\t\t\t\t\t\t\t<\/div>\n\t\t\t\t\t<\/div>\n\t\t\t\t<\/div>\n\t\t<div class=\"elementor-element elementor-element-78b82830 e-con-full e-flex e-con e-child\" data-id=\"78b82830\" data-element_type=\"container\">\n\t\t<div class=\"elementor-element elementor-element-7f784b5b e-con-full e-flex e-con e-child\" data-id=\"7f784b5b\" data-element_type=\"container\" data-settings=\"{&quot;background_background&quot;:&quot;classic&quot;}\">\n\t\t\t\t<div class=\"elementor-element elementor-element-2779fcc8 elementor-widget elementor-widget-heading\" data-id=\"2779fcc8\" data-element_type=\"widget\" data-widget_type=\"heading.default\">\n\t\t\t\t\t<h3 class=\"elementor-heading-title elementor-size-default\">01<\/h3>\t\t\t\t<\/div>\n\t\t\t\t<div class=\"elementor-element elementor-element-1513a1c0 elementor-widget elementor-widget-icon-box\" data-id=\"1513a1c0\" data-element_type=\"widget\" data-widget_type=\"icon-box.default\">\n\t\t\t\t\t\t\t<div class=\"elementor-icon-box-wrapper\">\n\n\t\t\t\n\t\t\t\t\t\t<div class=\"elementor-icon-box-content\">\n\n\t\t\t\t\t\t\t\t\t<h4 class=\"elementor-icon-box-title\">\n\t\t\t\t\t\t<span  >\n\t\t\t\t\t\t\tDescuentos Especiales\t\t\t\t\t\t<\/span>\n\t\t\t\t\t<\/h4>\n\t\t\t\t\n\t\t\t\t\t\t\t\t\t<p class=\"elementor-icon-box-description\">\n\t\t\t\t\t\tAccede a descuentos selectos en productos de alta calidad. Hechos para grandes y peque\u00f1os negocios.\t\t\t\t\t<\/p>\n\t\t\t\t\n\t\t\t<\/div>\n\t\t\t\n\t\t<\/div>\n\t\t\t\t\t\t<\/div>\n\t\t\t\t<\/div>\n\t\t<div class=\"elementor-element elementor-element-6af2d4ad e-con-full e-flex e-con e-child\" data-id=\"6af2d4ad\" data-element_type=\"container\" data-settings=\"{&quot;background_background&quot;:&quot;classic&quot;}\">\n\t\t\t\t<div class=\"elementor-element elementor-element-5d19dc29 elementor-widget elementor-widget-heading\" data-id=\"5d19dc29\" data-element_type=\"widget\" data-widget_type=\"heading.default\">\n\t\t\t\t\t<h3 class=\"elementor-heading-title elementor-size-default\">02<\/h3>\t\t\t\t<\/div>\n\t\t\t\t<div class=\"elementor-element elementor-element-56309e04 elementor-widget elementor-widget-icon-box\" data-id=\"56309e04\" data-element_type=\"widget\" data-widget_type=\"icon-box.default\">\n\t\t\t\t\t\t\t<div class=\"elementor-icon-box-wrapper\">\n\n\t\t\t\n\t\t\t\t\t\t<div class=\"elementor-icon-box-content\">\n\n\t\t\t\t\t\t\t\t\t<h4 class=\"elementor-icon-box-title\">\n\t\t\t\t\t\t<span  >\n\t\t\t\t\t\t\tOfertas Temporales\t\t\t\t\t\t<\/span>\n\t\t\t\t\t<\/h4>\n\t\t\t\t\n\t\t\t\t\t\t\t\t\t<p class=\"elementor-icon-box-description\">\n\t\t\t\t\t\tNo te pierdas nuestras ofertas limitadas que te ayudar\u00e1n a reducir costos y maximizar tus compras.\t\t\t\t\t<\/p>\n\t\t\t\t\n\t\t\t<\/div>\n\t\t\t\n\t\t<\/div>\n\t\t\t\t\t\t<\/div>\n\t\t\t\t<\/div>\n\t\t<div class=\"elementor-element elementor-element-6aff97e9 e-con-full e-flex e-con e-child\" data-id=\"6aff97e9\" data-element_type=\"container\" data-settings=\"{&quot;background_background&quot;:&quot;classic&quot;}\">\n\t\t\t\t<div class=\"elementor-element elementor-element-349e080a elementor-widget elementor-widget-heading\" data-id=\"349e080a\" data-element_type=\"widget\" data-widget_type=\"heading.default\">\n\t\t\t\t\t<h3 class=\"elementor-heading-title elementor-size-default\">03<\/h3>\t\t\t\t<\/div>\n\t\t\t\t<div class=\"elementor-element elementor-element-1fd86aff elementor-widget elementor-widget-icon-box\" data-id=\"1fd86aff\" data-element_type=\"widget\" data-widget_type=\"icon-box.default\">\n\t\t\t\t\t\t\t<div class=\"elementor-icon-box-wrapper\">\n\n\t\t\t\n\t\t\t\t\t\t<div class=\"elementor-icon-box-content\">\n\n\t\t\t\t\t\t\t\t\t<h4 class=\"elementor-icon-box-title\">\n\t\t\t\t\t\t<span  >\n\t\t\t\t\t\t\tCalidad Garantizada\t\t\t\t\t\t<\/span>\n\t\t\t\t\t<\/h4>\n\t\t\t\t\n\t\t\t\t\t\t\t\t\t<p class=\"elementor-icon-box-description\">\n\t\t\t\t\t\tNuestros productos son fabricados bajo estrictos est\u00e1ndares, asegurando que siempre recibas lo mejor.\t\t\t\t\t<\/p>\n\t\t\t\t\n\t\t\t<\/div>\n\t\t\t\n\t\t<\/div>\n\t\t\t\t\t\t<\/div>\n\t\t\t\t<\/div>\n\t\t\t\t<\/div>\n\t\t\t\t\t<\/div>\n\t\t\t\t<\/div>\n\t\t<div class=\"elementor-element elementor-element-3c845ea5 e-flex e-con-boxed e-con e-parent\" data-id=\"3c845ea5\" data-element_type=\"container\">\n\t\t\t\t\t<div class=\"e-con-inner\">\n\t\t<div class=\"elementor-element elementor-element-2302c8da e-con-full e-flex e-con e-child\" data-id=\"2302c8da\" data-element_type=\"container\">\n\t\t\t\t<div class=\"elementor-element elementor-element-6382fbe1 elementor-widget__width-inherit elementor-widget elementor-widget-heading\" data-id=\"6382fbe1\" data-element_type=\"widget\" data-widget_type=\"heading.default\">\n\t\t\t\t\t<h2 class=\"elementor-heading-title elementor-size-default\">Testimonios de Clientes<\/h2>\t\t\t\t<\/div>\n\t\t\t\t<div class=\"elementor-element elementor-element-7a3334b elementor-widget__width-inherit elementor-widget elementor-widget-heading\" data-id=\"7a3334b\" data-element_type=\"widget\" data-widget_type=\"heading.default\">\n\t\t\t\t\t<h5 class=\"elementor-heading-title elementor-size-default\">Nuestros clientes est\u00e1n satisfechos, aqu\u00ed compartimos algunos de sus comentarios.<\/h5>\t\t\t\t<\/div>\n\t\t\t\t<\/div>\n\t\t<div class=\"elementor-element elementor-element-17075752 e-con-full e-flex e-con e-child\" data-id=\"17075752\" data-element_type=\"container\">\n\t\t\t\t<div class=\"elementor-element elementor-element-23b2240b elementor-testimonial--layout-image_left elementor-widget__width-initial elementor-widget-mobile__width-inherit elementor-testimonial--skin-default elementor-widget elementor-widget-testimonial-carousel\" data-id=\"23b2240b\" data-element_type=\"widget\" data-settings=\"{&quot;space_between&quot;:{&quot;unit&quot;:&quot;px&quot;,&quot;size&quot;:0,&quot;sizes&quot;:[]},&quot;space_between_tablet&quot;:{&quot;unit&quot;:&quot;px&quot;,&quot;size&quot;:&quot;&quot;,&quot;sizes&quot;:[]},&quot;speed&quot;:500,&quot;autoplay&quot;:&quot;yes&quot;,&quot;autoplay_speed&quot;:5000,&quot;loop&quot;:&quot;yes&quot;,&quot;pause_on_hover&quot;:&quot;yes&quot;,&quot;pause_on_interaction&quot;:&quot;yes&quot;,&quot;space_between_mobile&quot;:{&quot;unit&quot;:&quot;px&quot;,&quot;size&quot;:10,&quot;sizes&quot;:[]}}\" data-widget_type=\"testimonial-carousel.default\">\n\t\t\t\t\t\t\t\t\t\t<div class=\"elementor-main-swiper swiper\" role=\"region\" aria-roledescription=\"carousel\" aria-label=\"Slides\">\n\t\t\t\t<div class=\"swiper-wrapper\">\n\t\t\t\t\t\t\t\t\t\t\t<div class=\"swiper-slide\" role=\"group\" aria-roledescription=\"slide\">\n\t\t\t\t\t\t\t\t\t<div class=\"elementor-testimonial\">\n\t\t\t\t\t\t\t<div class=\"elementor-testimonial__content\">\n\t\t\t\t\t<div class=\"elementor-testimonial__text\">\n\t\t\t\t\t\t\u201cNuestra experiencia con la f\u00e1brica fue excepcional. Los productos son de alta calidad y el servicio al cliente, impecable.\u201d\t\t\t\t\t<\/div>\n\t\t\t\t\t<cite class=\"elementor-testimonial__cite\"><span class=\"elementor-testimonial__name\">Juan P\u00e9rez<\/span><\/cite>\t\t\t\t<\/div>\n\t\t\t\t\t\t<div class=\"elementor-testimonial__footer\">\n\t\t\t\t\t\t\t\t\t<div class=\"elementor-testimonial__image\">\n\t\t\t\t\t\t<img decoding=\"async\" src=\"https:\/\/rgqudxnl.elementor.cloud\/wp-content\/uploads\/2025\/11\/wireframe-img-1-e1708013680578-1.png\" alt=\"Juan P\u00e9rez\">\n\t\t\t\t\t\t\t\t\t\t\t<\/div>\n\t\t\t\t\t\t\t\t\t\t\t<\/div>\n\t\t<\/div>\n\t\t\t\t\t\t\t\t<\/div>\n\t\t\t\t\t\t\t\t\t\t\t<div class=\"swiper-slide\" role=\"group\" aria-roledescription=\"slide\">\n\t\t\t\t\t\t\t\t\t<div class=\"elementor-testimonial\">\n\t\t\t\t\t\t\t<div class=\"elementor-testimonial__content\">\n\t\t\t\t\t<div class=\"elementor-testimonial__text\">\n\t\t\t\t\t\t\u201cRecomiendo esta f\u00e1brica a todos. Su compromiso con la calidad y la atenci\u00f3n al cliente es sobresaliente.\u201d\t\t\t\t\t<\/div>\n\t\t\t\t\t<cite class=\"elementor-testimonial__cite\"><span class=\"elementor-testimonial__name\">Mar\u00eda L\u00f3pez<\/span><\/cite>\t\t\t\t<\/div>\n\t\t\t\t\t\t<div class=\"elementor-testimonial__footer\">\n\t\t\t\t\t\t\t\t\t<div class=\"elementor-testimonial__image\">\n\t\t\t\t\t\t<img decoding=\"async\" src=\"https:\/\/rgqudxnl.elementor.cloud\/wp-content\/uploads\/2025\/11\/wireframe-img-1-e1708013680578-1.png\" alt=\"Mar\u00eda L\u00f3pez\">\n\t\t\t\t\t\t\t\t\t\t\t<\/div>\n\t\t\t\t\t\t\t\t\t\t\t<\/div>\n\t\t<\/div>\n\t\t\t\t\t\t\t\t<\/div>\n\t\t\t\t\t\t\t\t\t\t\t<div class=\"swiper-slide\" role=\"group\" aria-roledescription=\"slide\">\n\t\t\t\t\t\t\t\t\t<div class=\"elementor-testimonial\">\n\t\t\t\t\t\t\t<div class=\"elementor-testimonial__content\">\n\t\t\t\t\t<div class=\"elementor-testimonial__text\">\n\t\t\t\t\t\t\u201cEl asesoramiento que recibimos fue fundamental para elegir el mejor producto. \u00a1Estamos muy contentos con nuestra compra!\u201d\t\t\t\t\t<\/div>\n\t\t\t\t\t<cite class=\"elementor-testimonial__cite\"><span class=\"elementor-testimonial__name\">Carlos Ruiz<\/span><\/cite>\t\t\t\t<\/div>\n\t\t\t\t\t\t<div class=\"elementor-testimonial__footer\">\n\t\t\t\t\t\t\t\t\t<div class=\"elementor-testimonial__image\">\n\t\t\t\t\t\t<img decoding=\"async\" src=\"https:\/\/rgqudxnl.elementor.cloud\/wp-content\/uploads\/2025\/11\/wireframe-img-1-e1708013680578-1.png\" alt=\"Carlos Ruiz\">\n\t\t\t\t\t\t\t\t\t\t\t<\/div>\n\t\t\t\t\t\t\t\t\t\t\t<\/div>\n\t\t<\/div>\n\t\t\t\t\t\t\t\t<\/div>\n\t\t\t\t\t\t\t\t\t<\/div>\n\t\t\t\t\t\t\t\t\t\t\t\t\t\t\t\t\t\t\t\t\t<\/div>\n\t\t\t\t\t\t\t\t<\/div>\n\t\t\t\t<\/div>\n\t\t\t\t\t<\/div>\n\t\t\t\t<\/div>\n\t\t<div class=\"elementor-element elementor-element-1fca91a1 e-flex e-con-boxed e-con e-parent\" data-id=\"1fca91a1\" data-element_type=\"container\" data-settings=\"{&quot;background_background&quot;:&quot;classic&quot;}\">\n\t\t\t\t\t<div class=\"e-con-inner\">\n\t\t<div class=\"elementor-element elementor-element-4e8eeb57 e-con-full e-flex e-con e-child\" data-id=\"4e8eeb57\" data-element_type=\"container\">\n\t\t<div class=\"elementor-element elementor-element-19c95241 e-con-full e-flex e-con e-child\" data-id=\"19c95241\" data-element_type=\"container\">\n\t\t\t\t<div class=\"elementor-element elementor-element-64952168 elementor-widget__width-inherit elementor-widget elementor-widget-image\" data-id=\"64952168\" data-element_type=\"widget\" data-settings=\"{&quot;_animation&quot;:&quot;none&quot;,&quot;_animation_delay&quot;:600}\" data-widget_type=\"image.default\">\n\t\t\t\t\t\t\t\t\t\t\t\t\t\t\t<img decoding=\"async\" width=\"800\" height=\"450\" src=\"https:\/\/webcybpapeles.papelesdecolombia.co\/wp-content\/uploads\/2025\/11\/wireframe-img-3-1024x576.png\" class=\"attachment-large size-large wp-image-53\" alt=\"\" srcset=\"https:\/\/webcybpapeles.papelesdecolombia.co\/wp-content\/uploads\/2025\/11\/wireframe-img-3-1024x576.png 1024w, https:\/\/webcybpapeles.papelesdecolombia.co\/wp-content\/uploads\/2025\/11\/wireframe-img-3-300x169.png 300w, https:\/\/webcybpapeles.papelesdecolombia.co\/wp-content\/uploads\/2025\/11\/wireframe-img-3-768x432.png 768w, https:\/\/webcybpapeles.papelesdecolombia.co\/wp-content\/uploads\/2025\/11\/wireframe-img-3-1536x864.png 1536w, https:\/\/webcybpapeles.papelesdecolombia.co\/wp-content\/uploads\/2025\/11\/wireframe-img-3.png 1920w\" sizes=\"(max-width: 800px) 100vw, 800px\" \/>\t\t\t\t\t\t\t\t\t\t\t\t\t\t\t<\/div>\n\t\t\t\t<div class=\"elementor-element elementor-element-417c1b52 elementor-widget elementor-widget-image\" data-id=\"417c1b52\" data-element_type=\"widget\" data-settings=\"{&quot;_animation&quot;:&quot;none&quot;,&quot;_animation_delay&quot;:200}\" data-widget_type=\"image.default\">\n\t\t\t\t\t\t\t\t\t\t\t\t\t\t\t<img decoding=\"async\" width=\"800\" height=\"450\" src=\"https:\/\/webcybpapeles.papelesdecolombia.co\/wp-content\/uploads\/2025\/11\/wireframe-img-3-1024x576.png\" class=\"attachment-large size-large wp-image-53\" alt=\"\" srcset=\"https:\/\/webcybpapeles.papelesdecolombia.co\/wp-content\/uploads\/2025\/11\/wireframe-img-3-1024x576.png 1024w, https:\/\/webcybpapeles.papelesdecolombia.co\/wp-content\/uploads\/2025\/11\/wireframe-img-3-300x169.png 300w, https:\/\/webcybpapeles.papelesdecolombia.co\/wp-content\/uploads\/2025\/11\/wireframe-img-3-768x432.png 768w, https:\/\/webcybpapeles.papelesdecolombia.co\/wp-content\/uploads\/2025\/11\/wireframe-img-3-1536x864.png 1536w, https:\/\/webcybpapeles.papelesdecolombia.co\/wp-content\/uploads\/2025\/11\/wireframe-img-3.png 1920w\" sizes=\"(max-width: 800px) 100vw, 800px\" \/>\t\t\t\t\t\t\t\t\t\t\t\t\t\t\t<\/div>\n\t\t\t\t<\/div>\n\t\t<div class=\"elementor-element elementor-element-2f7d2559 e-con-full e-flex e-con e-child\" data-id=\"2f7d2559\" data-element_type=\"container\">\n\t\t\t\t<div class=\"elementor-element elementor-element-1260ed0d elementor-widget elementor-widget-image\" data-id=\"1260ed0d\" data-element_type=\"widget\" data-settings=\"{&quot;_animation&quot;:&quot;none&quot;,&quot;_animation_delay&quot;:200}\" data-widget_type=\"image.default\">\n\t\t\t\t\t\t\t\t\t\t\t\t\t\t\t<img decoding=\"async\" width=\"800\" height=\"450\" src=\"https:\/\/webcybpapeles.papelesdecolombia.co\/wp-content\/uploads\/2025\/11\/wireframe-img-3-1024x576.png\" class=\"attachment-large size-large wp-image-53\" alt=\"\" srcset=\"https:\/\/webcybpapeles.papelesdecolombia.co\/wp-content\/uploads\/2025\/11\/wireframe-img-3-1024x576.png 1024w, https:\/\/webcybpapeles.papelesdecolombia.co\/wp-content\/uploads\/2025\/11\/wireframe-img-3-300x169.png 300w, https:\/\/webcybpapeles.papelesdecolombia.co\/wp-content\/uploads\/2025\/11\/wireframe-img-3-768x432.png 768w, https:\/\/webcybpapeles.papelesdecolombia.co\/wp-content\/uploads\/2025\/11\/wireframe-img-3-1536x864.png 1536w, https:\/\/webcybpapeles.papelesdecolombia.co\/wp-content\/uploads\/2025\/11\/wireframe-img-3.png 1920w\" sizes=\"(max-width: 800px) 100vw, 800px\" \/>\t\t\t\t\t\t\t\t\t\t\t\t\t\t\t<\/div>\n\t\t\t\t<div class=\"elementor-element elementor-element-42b5db76 elementor-widget__width-inherit elementor-widget elementor-widget-image\" data-id=\"42b5db76\" data-element_type=\"widget\" data-settings=\"{&quot;_animation&quot;:&quot;none&quot;,&quot;_animation_delay&quot;:600}\" data-widget_type=\"image.default\">\n\t\t\t\t\t\t\t\t\t\t\t\t\t\t\t<img decoding=\"async\" width=\"800\" height=\"450\" src=\"https:\/\/webcybpapeles.papelesdecolombia.co\/wp-content\/uploads\/2025\/11\/wireframe-img-3-1024x576.png\" class=\"attachment-large size-large wp-image-53\" alt=\"\" srcset=\"https:\/\/webcybpapeles.papelesdecolombia.co\/wp-content\/uploads\/2025\/11\/wireframe-img-3-1024x576.png 1024w, https:\/\/webcybpapeles.papelesdecolombia.co\/wp-content\/uploads\/2025\/11\/wireframe-img-3-300x169.png 300w, https:\/\/webcybpapeles.papelesdecolombia.co\/wp-content\/uploads\/2025\/11\/wireframe-img-3-768x432.png 768w, https:\/\/webcybpapeles.papelesdecolombia.co\/wp-content\/uploads\/2025\/11\/wireframe-img-3-1536x864.png 1536w, https:\/\/webcybpapeles.papelesdecolombia.co\/wp-content\/uploads\/2025\/11\/wireframe-img-3.png 1920w\" sizes=\"(max-width: 800px) 100vw, 800px\" \/>\t\t\t\t\t\t\t\t\t\t\t\t\t\t\t<\/div>\n\t\t\t\t<\/div>\n\t\t\t\t<\/div>\n\t\t<div class=\"elementor-element elementor-element-51404cff e-con-full e-flex e-con e-child\" data-id=\"51404cff\" data-element_type=\"container\">\n\t\t\t\t<div class=\"elementor-element elementor-element-4e68477c elementor-cta--layout-image-right elementor-cta--mobile-layout-image-above elementor-cta--skin-classic elementor-animated-content elementor-widget elementor-widget-call-to-action\" data-id=\"4e68477c\" data-element_type=\"widget\" data-widget_type=\"call-to-action.default\">\n\t\t\t\t\t\t\t<div class=\"elementor-cta\">\n\t\t\t\t\t\t\t<div class=\"elementor-cta__content\">\n\t\t\t\t\n\t\t\t\t\t\t\t\t\t<h2 class=\"elementor-cta__title elementor-cta__content-item elementor-content-item\">\n\t\t\t\t\t\tSuscr\u00edbete para recibir promociones\t\t\t\t\t<\/h2>\n\t\t\t\t\n\t\t\t\t\t\t\t\t\t<div class=\"elementor-cta__description elementor-cta__content-item elementor-content-item\">\n\t\t\t\t\t\tNo te pierdas ninguna oferta. Reg\u00edstrate y s\u00e9 el primero en enterarte de nuestras promociones especiales.\t\t\t\t\t<\/div>\n\t\t\t\t\n\t\t\t\t\t\t\t\t\t<div class=\"elementor-cta__button-wrapper elementor-cta__content-item elementor-content-item \">\n\t\t\t\t\t<a class=\"elementor-cta__button elementor-button elementor-size-md\">\n\t\t\t\t\t\t\u00a1\u00danete ahora!\t\t\t\t\t<\/a>\n\t\t\t\t\t<\/div>\n\t\t\t\t\t\t\t<\/div>\n\t\t\t\t\t\t<\/div>\n\t\t\t\t\t\t<\/div>\n\t\t\t\t<\/div>\n\t\t\t\t\t<\/div>\n\t\t\t\t<\/div>\n\t\t\t\t<\/div>\n\t\t","protected":false},"excerpt":{"rendered":"<p>Informamos sobre nuestras \u00faltimas ofertas destacadas. Descubre c\u00f3mo nuestros productos pueden beneficiar tu negocio y aprovecha descuentos especiales. Al hacer clic en Suscribirse, confirmas que aceptas nuestros T\u00e9rminos y Condiciones. Ofertas especiales del mes Descubre nuestras promociones actuales y aprovecha descuentos exclusivos. Desde productos de oficina hasta soluciones sostenibles, tenemos opciones que se adaptan a [&hellip;]<\/p>\n","protected":false},"author":1,"featured_media":0,"parent":0,"menu_order":0,"comment_status":"closed","ping_status":"closed","template":"","meta":{"footnotes":""},"class_list":["post-86","page","type-page","status-publish","hentry"],"_links":{"self":[{"href":"https:\/\/webcybpapeles.papelesdecolombia.co\/index.php\/wp-json\/wp\/v2\/pages\/86","targetHints":{"allow":["GET"]}}],"collection":[{"href":"https:\/\/webcybpapeles.papelesdecolombia.co\/index.php\/wp-json\/wp\/v2\/pages"}],"about":[{"href":"https:\/\/webcybpapeles.papelesdecolombia.co\/index.php\/wp-json\/wp\/v2\/types\/page"}],"author":[{"embeddable":true,"href":"https:\/\/webcybpapeles.papelesdecolombia.co\/index.php\/wp-json\/wp\/v2\/users\/1"}],"replies":[{"embeddable":true,"href":"https:\/\/webcybpapeles.papelesdecolombia.co\/index.php\/wp-json\/wp\/v2\/comments?post=86"}],"version-history":[{"count":4,"href":"https:\/\/webcybpapeles.papelesdecolombia.co\/index.php\/wp-json\/wp\/v2\/pages\/86\/revisions"}],"predecessor-version":[{"id":130,"href":"https:\/\/webcybpapeles.papelesdecolombia.co\/index.php\/wp-json\/wp\/v2\/pages\/86\/revisions\/130"}],"wp:attachment":[{"href":"https:\/\/webcybpapeles.papelesdecolombia.co\/index.php\/wp-json\/wp\/v2\/media?parent=86"}],"curies":[{"name":"wp","href":"https:\/\/api.w.org\/{rel}","templated":true}]}}